{"id":98,"date":"2020-03-17T12:04:00","date_gmt":"2020-03-17T12:04:00","guid":{"rendered":"http:\/\/gsvh-fussball.de\/?page_id=98"},"modified":"2020-03-29T12:57:02","modified_gmt":"2020-03-29T12:57:02","slug":"veranstaltungen","status":"publish","type":"page","link":"https:\/\/gsvh-fussball.de\/?page_id=98","title":{"rendered":"Veranstaltungen"},"content":{"rendered":"\n<p>Die Abteilung Fu\u00dfball des GSV Hemmingen veranstaltet regelm\u00e4\u00dfig Events. Dazu geh\u00f6ren die Vatertagshocketse, der Christbaumverkauf und die Christbaumsammlung. Hier finden Sie dazu aktuelle Informationen und Berichte.<\/p>\n\n\n<ul class=\"wp-block-latest-posts__list wp-block-latest-posts\"><li><a class=\"wp-block-latest-posts__post-title\" href=\"https:\/\/gsvh-fussball.de\/?p=757\">Einladung zum Elfmeterturnier am 15.05.2026<\/a><\/li>\n<\/ul>","protected":false},"excerpt":{"rendered":"<p>Die Abteilung Fu\u00dfball des GSV Hemmingen veranstaltet regelm\u00e4\u00dfig Events. Dazu geh\u00f6ren die Vatertagshocketse, der Christbaumverkauf und die Christbaumsammlung. Hier finden Sie dazu aktuelle Informationen und &hellip; <\/p>\n","protected":false},"author":1,"featured_media":0,"parent":0,"menu_order":0,"comment_status":"closed","ping_status":"closed","template":"","meta":{"footnotes":""},"class_list":["post-98","page","type-page","status-publish","hentry"],"_links":{"self":[{"href":"https:\/\/gsvh-fussball.de\/index.php?rest_route=\/wp\/v2\/pages\/98","targetHints":{"allow":["GET"]}}],"collection":[{"href":"https:\/\/gsvh-fussball.de\/index.php?rest_route=\/wp\/v2\/pages"}],"about":[{"href":"https:\/\/gsvh-fussball.de\/index.php?rest_route=\/wp\/v2\/types\/page"}],"author":[{"embeddable":true,"href":"https:\/\/gsvh-fussball.de\/index.php?rest_route=\/wp\/v2\/users\/1"}],"replies":[{"embeddable":true,"href":"https:\/\/gsvh-fussball.de\/index.php?rest_route=%2Fwp%2Fv2%2Fcomments&post=98"}],"version-history":[{"count":2,"href":"https:\/\/gsvh-fussball.de\/index.php?rest_route=\/wp\/v2\/pages\/98\/revisions"}],"predecessor-version":[{"id":301,"href":"https:\/\/gsvh-fussball.de\/index.php?rest_route=\/wp\/v2\/pages\/98\/revisions\/301"}],"wp:attachment":[{"href":"https:\/\/gsvh-fussball.de\/index.php?rest_route=%2Fwp%2Fv2%2Fmedia&parent=98"}],"curies":[{"name":"wp","href":"https:\/\/api.w.org\/{rel}","templated":true}]}}