{"id":236,"date":"2020-03-27T09:52:12","date_gmt":"2020-03-27T09:52:12","guid":{"rendered":"https:\/\/gsvh-fussball.de\/?page_id=236"},"modified":"2020-04-03T10:24:25","modified_gmt":"2020-04-03T08:24:25","slug":"sportgelaende","status":"publish","type":"page","link":"https:\/\/gsvh-fussball.de\/?page_id=236","title":{"rendered":"Sportgel\u00e4nde"},"content":{"rendered":"\n<p>Der GSV Hemmingen tr\u00e4gt seine Heimspiele auf dem Sportgel\u00e4nde an der Eberdinger Stra\u00dfe 36 in 71282 Hemmingen aus. Dabei stehen ein Kunstrasenplatz mit Flutlicht, sowie ein Rasenplatz zur Verf\u00fcgung. Gespielt und trainiert wird je nach Platzbeschaffenheiten, Witterung und Licht, wenn m\u00f6glich auf dem Rasenplatz. F\u00fcr abendliche Trainingsheiten und bei schlechter Witterung wird auf den Kunstrasen ausgewichen.<\/p>\n\n\n\n<p><\/p>\n\n\n\n<p>Bilder folgen.<\/p>\n","protected":false},"excerpt":{"rendered":"<p>Der GSV Hemmingen tr\u00e4gt seine Heimspiele auf dem Sportgel\u00e4nde an der Eberdinger Stra\u00dfe 36 in 71282 Hemmingen aus. Dabei stehen ein Kunstrasenplatz mit Flutlicht, sowie &hellip; <\/p>\n","protected":false},"author":1,"featured_media":0,"parent":0,"menu_order":0,"comment_status":"closed","ping_status":"closed","template":"","meta":{"footnotes":""},"class_list":["post-236","page","type-page","status-publish","hentry"],"_links":{"self":[{"href":"https:\/\/gsvh-fussball.de\/index.php?rest_route=\/wp\/v2\/pages\/236","targetHints":{"allow":["GET"]}}],"collection":[{"href":"https:\/\/gsvh-fussball.de\/index.php?rest_route=\/wp\/v2\/pages"}],"about":[{"href":"https:\/\/gsvh-fussball.de\/index.php?rest_route=\/wp\/v2\/types\/page"}],"author":[{"embeddable":true,"href":"https:\/\/gsvh-fussball.de\/index.php?rest_route=\/wp\/v2\/users\/1"}],"replies":[{"embeddable":true,"href":"https:\/\/gsvh-fussball.de\/index.php?rest_route=%2Fwp%2Fv2%2Fcomments&post=236"}],"version-history":[{"count":4,"href":"https:\/\/gsvh-fussball.de\/index.php?rest_route=\/wp\/v2\/pages\/236\/revisions"}],"predecessor-version":[{"id":314,"href":"https:\/\/gsvh-fussball.de\/index.php?rest_route=\/wp\/v2\/pages\/236\/revisions\/314"}],"wp:attachment":[{"href":"https:\/\/gsvh-fussball.de\/index.php?rest_route=%2Fwp%2Fv2%2Fmedia&parent=236"}],"curies":[{"name":"wp","href":"https:\/\/api.w.org\/{rel}","templated":true}]}}