{"id":2,"date":"2016-05-10T03:48:21","date_gmt":"2016-05-10T03:48:21","guid":{"rendered":"http:\/\/gsvh-fussball.de\/?page_id=2"},"modified":"2022-09-02T14:24:07","modified_gmt":"2022-09-02T12:24:07","slug":"sample-page","status":"publish","type":"page","link":"https:\/\/gsvh-fussball.de\/?page_id=2","title":{"rendered":"Wir stellen uns vor"},"content":{"rendered":"<p>Die Fu\u00dfballabteilung der GSV Hemmingen ist eine der gr\u00f6\u00dften Abteilungen des Vereins. Im Jugendbereich ist es unser Bestreben, den Nachwuchs ideal zu f\u00f6rdern und somit sp\u00e4ter in unsere Aktiven &#8211; Teams &#8211; sei es 1. oder 2. Mannschaft &#8211; zu integrieren. Die gesamte Abteilung Fu\u00dfball handelt nach dem Grundgedanken &#8222;Fu\u00dfball ist f\u00fcr alle da&#8220;.<\/p>\n<p>Die 1. Herrenmannschaft wird in der kommenden Spielzeit, nach dem knapp verpassten Aufstieg in der Relegation, erneut in der B &#8211; Liga starten. Das Ziel der Coaches Markus Martenka und Marco Dobler, des Teams, der Funktion\u00e4re und des gesamten Vereins, bleibt nach wie vor der Aufstieg in die Kreisliga A (Bezirk Enz\/Murr).<\/p>\n<p>Als Backup und zur Unterst\u00fctzung haben wir eine zweite Mannschaft, die ebenso in der Kreisliga B antritt und dort jedes Wochenende versucht den ambitionierten Mannschaften der Liga ebenb\u00fcrtig aufzutreten.<\/p>\n<p>Abgerundet wird der Spielbetrieb durch unsere &#8222;Altherren&#8220;-Mannschaft. Infos \u00fcber Spiel- und Trainingszeiten kannst du der jeweiligen Seite der Mannschaften entnehmen. Ebenso kannst du dich im Gemeindeblatt informieren oder einfach einen der Verantwortlichen kontaktieren. Noch nicht genug von uns? Folg uns doch auch auf Facebook und Instagram. Hier bist du auf jeden Fall immer Up to Date.<\/p>\n<p>Wir, die Abteilung Fu\u00dfball, hei\u00dfen euch herzlich Willkommen und hoffen, dass wir euch, den Mitgliedern, Fans, Supportern und G\u00f6nnern, bei eurem Gang auf das Sportgel\u00e4nde an der Eberdinger Stra\u00dfe, maximale Unterhaltung in einem famili\u00e4ren Umfeld bieten k\u00f6nnen. Lasst euch mitrei\u00dfen von Emotionen, Leidenschaft, H\u00f6hen und Tiefen und genie\u00dft ganz einfach die &#8222;sch\u00f6nste Nebensache der Welt&#8220;. Werdet Teil unserer schwarz &#8211; roten Welt und der GSV &#8211; Familie!<\/p>\n","protected":false},"excerpt":{"rendered":"<p>Die Fu\u00dfballabteilung der GSV Hemmingen ist eine der gr\u00f6\u00dften Abteilungen des Vereins. Im Jugendbereich ist es unser Bestreben, den Nachwuchs ideal zu f\u00f6rdern und somit &hellip; <\/p>\n","protected":false},"author":1,"featured_media":0,"parent":0,"menu_order":0,"comment_status":"closed","ping_status":"open","template":"","meta":{"footnotes":""},"class_list":["post-2","page","type-page","status-publish","hentry"],"_links":{"self":[{"href":"https:\/\/gsvh-fussball.de\/index.php?rest_route=\/wp\/v2\/pages\/2","targetHints":{"allow":["GET"]}}],"collection":[{"href":"https:\/\/gsvh-fussball.de\/index.php?rest_route=\/wp\/v2\/pages"}],"about":[{"href":"https:\/\/gsvh-fussball.de\/index.php?rest_route=\/wp\/v2\/types\/page"}],"author":[{"embeddable":true,"href":"https:\/\/gsvh-fussball.de\/index.php?rest_route=\/wp\/v2\/users\/1"}],"replies":[{"embeddable":true,"href":"https:\/\/gsvh-fussball.de\/index.php?rest_route=%2Fwp%2Fv2%2Fcomments&post=2"}],"version-history":[{"count":2,"href":"https:\/\/gsvh-fussball.de\/index.php?rest_route=\/wp\/v2\/pages\/2\/revisions"}],"predecessor-version":[{"id":520,"href":"https:\/\/gsvh-fussball.de\/index.php?rest_route=\/wp\/v2\/pages\/2\/revisions\/520"}],"wp:attachment":[{"href":"https:\/\/gsvh-fussball.de\/index.php?rest_route=%2Fwp%2Fv2%2Fmedia&parent=2"}],"curies":[{"name":"wp","href":"https:\/\/api.w.org\/{rel}","templated":true}]}}