{"id":154,"date":"2020-03-21T12:42:00","date_gmt":"2020-03-21T12:42:00","guid":{"rendered":"http:\/\/gsvh-fussball.de\/?page_id=154"},"modified":"2022-06-01T14:18:10","modified_gmt":"2022-06-01T12:18:10","slug":"impressum","status":"publish","type":"page","link":"https:\/\/gsvh-fussball.de\/?page_id=154","title":{"rendered":"Impressum"},"content":{"rendered":"\n<p><strong>Gesang \u2013 und Sportvereinigung Hemmingen e.V.<br><\/strong>Eberdinger Str. 36<br>71282 Hemmingen<br><a href=\"http:\/\/gsvhemmingen.de\" target=\"_blank\" rel=\"noreferrer noopener\">www.gsvhemmingen.de<\/a><\/p>\n\n\n\n<p>Vereinsregister: VR200692<br>Registergericht: Amtsgericht Stuttgart<\/p>\n\n\n\n<p><strong>Vertreten durch:<\/strong><br>1. Harald Sch\u00f6n<br>2. Gordon Goetz<br>3. Volker Hoffmann<\/p>\n\n\n\n<p>___<\/p>\n\n\n\n<p>Abteilung Fu\u00dfball vertreten durch:<br>Georg Wolf<br>Kai Geppert <\/p>\n\n\n\n<p>E-Mail: <a href=\"mailto:info@gsvh-fussball.de\">info@gsvh-fussball.de<\/a> <\/p>\n\n\n\n<p class=\"has-small-font-size\">Disclaimer \u2013 rechtliche Hinweise<br> \u00a7 1 Warnhinweis zu Inhalten<br> Die kostenlosen und frei zug\u00e4nglichen Inhalte dieser Webseite wurden mit gr\u00f6\u00dftm\u00f6glicher Sorgfalt erstellt.<br> Der Anbieter dieser Webseite \u00fcbernimmt jedoch keine Gew\u00e4hr f\u00fcr die Richtigkeit und Aktualit\u00e4t der<br> bereitgestellten kostenlosen und frei zug\u00e4nglichen journalistischen Ratgeber und Nachrichten. Namentlich<br> gekennzeichnete Beitr\u00e4ge geben die Meinung des jeweiligen Autors und nicht immer die Meinung des<br> Anbieters wieder. Allein durch den Aufruf der kostenlosen und frei zug\u00e4nglichen Inhalte kommt keinerlei<br> Vertragsverh\u00e4ltnis zwischen dem Nutzer und dem Anbieter zustande, insoweit fehlt es am<br> Rechtsbindungswillen des Anbieters.<br> \u00a7 2 Externe Links<br> Diese Website enth\u00e4lt Verkn\u00fcpfungen zu Websites Dritter (&#8222;externe Links&#8220;). Diese Websites unterliegen der<br> Haftung der jeweiligen Betreiber. Der Anbieter hat bei der erstmaligen Verkn\u00fcpfung der externen Links die<br> fremden Inhalte daraufhin \u00fcberpr\u00fcft, ob etwaige Rechtsverst\u00f6\u00dfe bestehen. Zu dem Zeitpunkt waren keine<br> Rechtsverst\u00f6\u00dfe ersichtlich. Der Anbieter hat keinerlei Einfluss auf die aktuelle und zuk\u00fcnftige Gestaltung<br> und auf die Inhalte der verkn\u00fcpften Seiten. Das Setzen von externen Links bedeutet nicht, dass sich der<br> Anbieter die hinter dem Verweis oder Link liegenden Inhalte zu Eigen macht. Eine st\u00e4ndige Kontrolle der<br> externen Links ist f\u00fcr den Anbieter ohne konkrete Hinweise auf Rechtsverst\u00f6\u00dfe nicht zumutbar. Bei<br> Kenntnis von Rechtsverst\u00f6\u00dfen werden jedoch derartige externe Links unverz\u00fcglich gel\u00f6scht.<br> \u00a7 3 Urheber- und Leistungsschutzrechte<br> Die auf dieser Website ver\u00f6ffentlichten Inhalte unterliegen dem deutschen Urheber- und<br> Leistungsschutzrecht. Jede vom deutschen Urheber- und Leistungsschutzrecht nicht zugelassene<br> Verwertung bedarf der vorherigen schriftlichen Zustimmung des Anbieters oder jeweiligen Rechteinhabers.<br> Dies gilt insbesondere f\u00fcr Vervielf\u00e4ltigung, Bearbeitung, \u00dcbersetzung, Einspeicherung, Verarbeitung bzw.<br> Wiedergabe von Inhalten in Datenbanken oder anderen elektronischen Medien und Systemen. Inhalte und<br> Rechte Dritter sind dabei als solche gekennzeichnet. Die unerlaubte Vervielf\u00e4ltigung oder Weitergabe<br> einzelner Inhalte oder kompletter Seiten ist nicht gestattet und strafbar. Lediglich die Herstellung von<br> Kopien und Downloads f\u00fcr den pers\u00f6nlichen, privaten und nicht kommerziellen Gebrauch ist erlaubt.<br> Die Darstellung dieser Website in fremden Frames ist nur mit schriftlicher Erlaubnis zul\u00e4ssig.<br> \u00a7 4 Besondere Nutzungsbedingungen<br> Soweit besondere Bedingungen f\u00fcr einzelne Nutzungen dieser Website von den vorgenannten<br> Paragraphen abweichen, wird an entsprechender Stelle ausdr\u00fccklich darauf hingewiesen. In diesem Falle<br> gelten im jeweiligen Einzelfall die besonderen Nutzungsbedingungen.<\/p>\n","protected":false},"excerpt":{"rendered":"<p>Gesang \u2013 und Sportvereinigung Hemmingen e.V.Eberdinger Str. 3671282 Hemmingenwww.gsvhemmingen.de Vereinsregister: VR200692Registergericht: Amtsgericht Stuttgart Vertreten durch:1. Harald Sch\u00f6n2. Gordon Goetz3. Volker Hoffmann ___ Abteilung Fu\u00dfball vertreten &hellip; <\/p>\n","protected":false},"author":1,"featured_media":0,"parent":0,"menu_order":0,"comment_status":"closed","ping_status":"closed","template":"","meta":{"footnotes":""},"class_list":["post-154","page","type-page","status-publish","hentry"],"_links":{"self":[{"href":"https:\/\/gsvh-fussball.de\/index.php?rest_route=\/wp\/v2\/pages\/154","targetHints":{"allow":["GET"]}}],"collection":[{"href":"https:\/\/gsvh-fussball.de\/index.php?rest_route=\/wp\/v2\/pages"}],"about":[{"href":"https:\/\/gsvh-fussball.de\/index.php?rest_route=\/wp\/v2\/types\/page"}],"author":[{"embeddable":true,"href":"https:\/\/gsvh-fussball.de\/index.php?rest_route=\/wp\/v2\/users\/1"}],"replies":[{"embeddable":true,"href":"https:\/\/gsvh-fussball.de\/index.php?rest_route=%2Fwp%2Fv2%2Fcomments&post=154"}],"version-history":[{"count":3,"href":"https:\/\/gsvh-fussball.de\/index.php?rest_route=\/wp\/v2\/pages\/154\/revisions"}],"predecessor-version":[{"id":496,"href":"https:\/\/gsvh-fussball.de\/index.php?rest_route=\/wp\/v2\/pages\/154\/revisions\/496"}],"wp:attachment":[{"href":"https:\/\/gsvh-fussball.de\/index.php?rest_route=%2Fwp%2Fv2%2Fmedia&parent=154"}],"curies":[{"name":"wp","href":"https:\/\/api.w.org\/{rel}","templated":true}]}}